{"id":68,"date":"2024-08-01T11:27:11","date_gmt":"2024-08-01T09:27:11","guid":{"rendered":"https:\/\/www.entroterrasalento.it\/alimentari-da-renato\/?post_type=product&#038;p=68"},"modified":"2024-08-01T11:27:11","modified_gmt":"2024-08-01T09:27:11","slug":"pomodori-san-marzano-500g-azienda-agricola-damico","status":"publish","type":"product","link":"https:\/\/www.entroterrasalento.it\/alimentari-da-renato\/prodotto\/pomodori-san-marzano-500g-azienda-agricola-damico\/","title":{"rendered":"Pomodori San Marzano 500g &#8211; Azienda agricola d&#8217;Amico"},"content":{"rendered":"","protected":false},"excerpt":{"rendered":"<p>Variet\u00e0 di San Marzano, tra le pi\u00f9 gustose, con pianta forte e produttiva e alta qualit\u00e0 dei frutti. Ottimo consumato in insalata, per sughi e salse. Bacche molto lunghe, dalla caratteristica forma a banana, piene e polpose.<\/p>\n","protected":false},"featured_media":70,"comment_status":"open","ping_status":"closed","template":"","meta":[],"product_brand":[],"product_cat":[15],"product_tag":[],"class_list":{"0":"post-68","1":"product","2":"type-product","3":"status-publish","4":"has-post-thumbnail","6":"product_cat-senza-categoria","8":"first","9":"instock","10":"shipping-taxable","11":"purchasable","12":"product-type-simple"},"_links":{"self":[{"href":"https:\/\/www.entroterrasalento.it\/alimentari-da-renato\/wp-json\/wp\/v2\/product\/68","targetHints":{"allow":["GET"]}}],"collection":[{"href":"https:\/\/www.entroterrasalento.it\/alimentari-da-renato\/wp-json\/wp\/v2\/product"}],"about":[{"href":"https:\/\/www.entroterrasalento.it\/alimentari-da-renato\/wp-json\/wp\/v2\/types\/product"}],"replies":[{"embeddable":true,"href":"https:\/\/www.entroterrasalento.it\/alimentari-da-renato\/wp-json\/wp\/v2\/comments?post=68"}],"wp:featuredmedia":[{"embeddable":true,"href":"https:\/\/www.entroterrasalento.it\/alimentari-da-renato\/wp-json\/wp\/v2\/media\/70"}],"wp:attachment":[{"href":"https:\/\/www.entroterrasalento.it\/alimentari-da-renato\/wp-json\/wp\/v2\/media?parent=68"}],"wp:term":[{"taxonomy":"product_brand","embeddable":true,"href":"https:\/\/www.entroterrasalento.it\/alimentari-da-renato\/wp-json\/wp\/v2\/product_brand?post=68"},{"taxonomy":"product_cat","embeddable":true,"href":"https:\/\/www.entroterrasalento.it\/alimentari-da-renato\/wp-json\/wp\/v2\/product_cat?post=68"},{"taxonomy":"product_tag","embeddable":true,"href":"https:\/\/www.entroterrasalento.it\/alimentari-da-renato\/wp-json\/wp\/v2\/product_tag?post=68"}],"curies":[{"name":"wp","href":"https:\/\/api.w.org\/{rel}","templated":true}]}}